{"id":33,"date":"2025-08-18T10:41:57","date_gmt":"2025-08-18T10:41:57","guid":{"rendered":"https:\/\/info.heicheck.de\/?page_id=33"},"modified":"2025-08-18T10:41:57","modified_gmt":"2025-08-18T10:41:57","slug":"impressum","status":"publish","type":"page","link":"https:\/\/info.heicheck.de\/?page_id=33","title":{"rendered":"Impressum"},"content":{"rendered":"\n<h2 class=\"wp-block-heading\" id=\"herausgeber\">Herausgeber<\/h2>\n\n\n\n<p class=\"has-medium-font-size\">Das Internetangebot wird herausgegeben von<br>Universit\u00e4t Heidelberg<br>Grabengasse 1<br>69117 Heidelberg<br>Tel. +49 6221 54-19012<br>Fax +49 6221 54-19020<br><a href=\"mailto:kum@uni-heidelberg.de\">kum@uni-heidelberg.de<\/a><\/p>\n\n\n\n<p class=\"has-medium-font-size\">Die Universit\u00e4t Heidelberg ist eine K\u00f6rperschaft des \u00f6ffentlichen Rechts.<br>Sie wird durch die Rektorin Prof. Dr. Frauke Melchior gesetzlich vertreten.<br><a href=\"mailto:rektorin@rektorat.uni-heidelberg.de\">rektorin@rektorat.uni-heidelberg.de<\/a><\/p>\n\n\n\n<p class=\"has-medium-font-size\">Umsatzsteuer-Identifikationsnummer: DE 811225433<\/p>\n\n\n\n<h2 class=\"wp-block-heading\" id=\"gestaltung-und-inhalt\">Gestaltung und Inhalt:<\/h2>\n\n\n\n<p class=\"has-medium-font-size\">Universit\u00e4t Heidelberg<br>Medizinische Fakult\u00e4t<br>Im Neuenheimer Feld 672<br>69120 Heidelberg<br>Email:&nbsp;<a href=\"mailto:luis.wettach@med.uni-heidelberg.de\">luis.wettach@med.uni-heidelberg.de<\/a><\/p>\n","protected":false},"excerpt":{"rendered":"<p>Herausgeber Das Internetangebot wird herausgegeben vonUniversit\u00e4t HeidelbergGrabengasse 169117 HeidelbergTel. +49 6221 54-19012Fax +49 6221 54-19020kum@uni-heidelberg.de Die Universit\u00e4t Heidelberg ist eine K\u00f6rperschaft des \u00f6ffentlichen Rechts.Sie wird durch die Rektorin Prof. Dr. Frauke Melchior gesetzlich vertreten.rektorin@rektorat.uni-heidelberg.de Umsatzsteuer-Identifikationsnummer: DE 811225433 Gestaltung und Inhalt: Universit\u00e4t HeidelbergMedizinische Fakult\u00e4tIm Neuenheimer Feld 67269120 HeidelbergEmail:&nbsp;luis.wettach@med.uni-heidelberg.de<\/p>\n","protected":false},"author":1,"featured_media":0,"parent":0,"menu_order":0,"comment_status":"closed","ping_status":"closed","template":"","meta":{"footnotes":""},"class_list":["post-33","page","type-page","status-publish","hentry"],"_links":{"self":[{"href":"https:\/\/info.heicheck.de\/index.php?rest_route=\/wp\/v2\/pages\/33","targetHints":{"allow":["GET"]}}],"collection":[{"href":"https:\/\/info.heicheck.de\/index.php?rest_route=\/wp\/v2\/pages"}],"about":[{"href":"https:\/\/info.heicheck.de\/index.php?rest_route=\/wp\/v2\/types\/page"}],"author":[{"embeddable":true,"href":"https:\/\/info.heicheck.de\/index.php?rest_route=\/wp\/v2\/users\/1"}],"replies":[{"embeddable":true,"href":"https:\/\/info.heicheck.de\/index.php?rest_route=%2Fwp%2Fv2%2Fcomments&post=33"}],"version-history":[{"count":1,"href":"https:\/\/info.heicheck.de\/index.php?rest_route=\/wp\/v2\/pages\/33\/revisions"}],"predecessor-version":[{"id":34,"href":"https:\/\/info.heicheck.de\/index.php?rest_route=\/wp\/v2\/pages\/33\/revisions\/34"}],"wp:attachment":[{"href":"https:\/\/info.heicheck.de\/index.php?rest_route=%2Fwp%2Fv2%2Fmedia&parent=33"}],"curies":[{"name":"wp","href":"https:\/\/api.w.org\/{rel}","templated":true}]}}