{"id":3,"date":"2025-08-18T09:00:45","date_gmt":"2025-08-18T09:00:45","guid":{"rendered":"http:\/\/mobil.wettach-it.de:8081\/?page_id=3"},"modified":"2025-09-05T12:13:51","modified_gmt":"2025-09-05T10:13:51","slug":"privacy-policy","status":"publish","type":"page","link":"https:\/\/info.heicheck.de\/?page_id=3","title":{"rendered":"Datenschutz"},"content":{"rendered":"\n<h2 class=\"wp-block-heading\">Gegenstand<\/h2>\n\n\n\n<p>Sie haben sich f\u00fcr die Verwendung der HeiCheck-App der Medizinischen Fakult\u00e4t Heidelberg entschieden. F\u00fcr das uns entgegengebrachte Vertrauen bedanken wir uns.<\/p>\n\n\n\n<p>Die Medizinische Fakult\u00e4t Heidelberg stellt die HeiCheck-App zur Organisation und Pr\u00fcfungsdurchf\u00fchrung diversen praktischen Kursen zur medizinischen Ausbildung zur Verf\u00fcgung. Berechtigte Nutzerinnen und Nutzer erhalten nach Login weitere M\u00f6glichkeiten zur Kommunikation und Interaktion. Eine Pflicht zur Nutzung von HeiCheck besteht nicht, sofern diese nicht durch die Richtlinien eines Kurses gefordert wird.<\/p>\n\n\n\n<p>Im Zusammenhang mit der damit einhergehenden Nutzung erheben und verarbeiten wir verschiedene personenbezogene Daten, die zur Erf\u00fcllung der festgelegten Zwecke erforderlich sind. Im Sinne unserer Informationspflicht gem\u00e4\u00df Art. 13 DS-GVO m\u00f6chten wir Sie auf Folgendes hinweisen:<\/p>\n\n\n\n<p>Diese Information gilt f\u00fcr die Verarbeitung Ihrer personenbezogenen Daten durch die Medizinischen Fakult\u00e4t Heidelberg bei Nutzung der App HeiCheck, oder den Besuch der Web-Oberfl\u00e4che unter&nbsp;<a rel=\"noreferrer noopener\" target=\"_blank\" href=\"https:\/\/ext01.dmed.uni-heidelberg.de\/webapp\">https:\/\/ext01.dmed.uni-heidelberg.de\/webapp<\/a>&nbsp;bzw.&nbsp;<a rel=\"noreferrer noopener\" target=\"_blank\" href=\"https:\/\/ext01.dmed.uni-heidelberg.de\/excel\">https:\/\/ext01.dmed.uni-heidelberg.de\/excel<\/a>, z.B. um Funktionen der App im Browser zu verwenden oder sich als Administrator oder Redakteur im Backend einzuloggen.<br>Mit den nachfolgenden Informationen geben wir Ihnen einen \u00dcberblick \u00fcber die Verarbeitung Ihrer personenbezogenen Daten nach Login durch uns und Ihre Rechte aus dem Datenschutzrecht.<\/p>\n\n\n\n<p>Erg\u00e4nzend gelten unsere allgemeinen Datenschutzinformationen f\u00fcr Mitarbeitende.<br><\/p>\n\n\n\n<h2 class=\"wp-block-heading\">Verantwortlicher<\/h2>\n\n\n\n<p>Das Internetangebot wird herausgegeben von<br>Universit\u00e4t Heidelberg<br>Grabengasse 1<br>69117 Heidelberg<br>Tel. +49 6221 54-19012<br>Fax +49 6221 54-19020<br><a href=\"mailto:kum@uni-heidelberg.de\">kum@uni-heidelberg.de<\/a><\/p>\n\n\n\n<p>Die Universit\u00e4t Heidelberg ist eine K\u00f6rperschaft des \u00f6ffentlichen Rechts.<br>Sie wird durch die Rektorin Prof. Dr. Frauke Melchior gesetzlich vertreten.<br><a href=\"mailto:rektorin@rektorat.uni-heidelberg.de\">rektorin@rektorat.uni-heidelberg.de<\/a><\/p>\n\n\n\n<p>Umsatzsteuer-Identifikationsnummer: DE 811225433<\/p>\n\n\n\n<h3 class=\"wp-block-heading is-style-default\">Kontaktdaten des Datenschutzbeauftragten<\/h3>\n\n\n\n<p>Ass. jur. Christoph Wassermann<br>Seminarstr. 2<br>69117 Heidelberg<br>+49 6221 54-12070<\/p>\n\n\n\n<p><a href=\"mailto:datenschutz@uni-heidelberg.de\">datenschutz@uni-heidelberg.de<\/a><\/p>\n\n\n\n<p>Telefon: 06221 56-7036<br>E-Mail:\u00a0<a href=\"mailto:datenschutz@med.uni-heidelberg.de\">datenschutz@med.uni-heidelberg.de<\/a><br><\/p>\n\n\n\n<h2 class=\"wp-block-heading\">Kontakt<\/h2>\n\n\n\n<p>Luis Wettach<br>Wieblinger Weg 21<br>69123 Heidelberg<br>E-Mail:\u00a0luis.wettach@med.uni-heidelberg.de<br><\/p>\n\n\n\n<h2 class=\"wp-block-heading\">Was sind personenbezogene Daten?<\/h2>\n\n\n\n<p>Personenbezogene Daten sind alle Informationen, die sich auf eine identifizierte oder identifizierbare nat\u00fcrliche Person beziehen. Entscheidend ist also, ob durch die erhobenen Daten ein Personenbezug hergestellt werden kann. Dar\u00adun\u00adter fal\u00adlen In\u00adfor\u00adma\u00adtio\u00adnen wie z.B. Ihr Name, Ihre An\u00adschrift, Ihre Te\u00adle\u00adfon\u00adnum\u00admer, Mailadresse. In\u00adfor\u00adma\u00adtio\u00adnen, die nicht di\u00adrekt mit Ihrer wirk\u00adli\u00adchen Iden\u00adti\u00adt\u00e4t in Ver\u00adbin\u00addung ge\u00adbracht wer\u00adden &#8211; wie z.B. fa\u00advo\u00adri\u00adsier\u00adte Web\u00adsei\u00adten oder An\u00adzahl der Nut\u00adzer einer Seite &#8211; sind keine per\u00adso\u00adnen\u00adbe\u00adzo\u00adge\u00adnen Daten.<br><\/p>\n\n\n\n<h2 class=\"wp-block-heading\">Wie erheben und verarbeiten wir Daten zu Ihrer Person?<\/h2>\n\n\n\n<p>Wenn Sie un\u00adse\u00adre Web\u00adsei\u00adten be\u00adsu\u00adchen, spei\u00adchern un\u00adse\u00adre Web\u00adser\u00adver stan\u00addard\u00adm\u00e4\u00ad\u00dfig zum Zweck der Sys\u00adtem\u00adsi\u00adcher\u00adheit tem\u00adpo\u00adr\u00e4r die Ver\u00adbin\u00addungs\u00adda\u00adten des an\u00adfra\u00adgen\u00adden Rech\u00adners, die Web\u00adsei\u00adten, die Sie bei uns be\u00adsu\u00adchen, das Datum und die Dauer des Be\u00adsu\u00adches, die Er\u00adken\u00adnungs\u00adda\u00adten des ver\u00adwen\u00adde\u00adten Brow\u00adser- und Be\u00adtriebs\u00adsys\u00adtem-Typs sowie die Web\u00adsei\u00adte, von der aus Sie uns be\u00adsu\u00adchen. Dar\u00ad\u00fcber hin\u00adaus\u00adge\u00adhen\u00adde per\u00adsonen\u00adbe\u00adzo\u00adge\u00adne An\u00adga\u00adben wie Ihr Name, Ihre An\u00adschrift, Te\u00adle\u00adfon\u00adnum\u00admer oder E-Mail-Adres\u00adse wer\u00adden nicht er\u00adfasst, es sei denn, diese An\u00adga\u00adben wer\u00adden von Ihnen frei\u00adwil\u00adlig ge\u00admacht, z.B. im Rah\u00admen einer Re\u00adgis\u00adtrie\u00adrung, einer Um\u00adfra\u00adge, eines Preis\u00adaus\u00adschrei\u00adbens, zur Durch\u00adf\u00fch\u00adrung eines Ver\u00adtra\u00adges oder einer In\u00adfor\u00adma\u00adti\u00adons\u00adan\u00adfra\u00adge.<br><\/p>\n\n\n\n<h2 class=\"wp-block-heading\">Wie nutzen wir Daten zu Ihrer Person, wie geben wir sie weiter<\/h2>\n\n\n\n<p>Sofern innerhalb des Internetangebotes die M\u00f6glichkeit zur Eingabe pers\u00f6nlicher oder gesch\u00e4ftlicher Daten (E-Mail-Adressen, Namen, Anschriften) besteht, so erfolgt die Preisgabe dieser Daten seitens des Nutzers auf ausdr\u00fccklich freiwilliger Basis. E-Mails werden \u00fcber ein Kontakt-Formular \u00fcbermittelt. Wenn Sie uns eine solche Nachricht zuschicken, werden Ihre pers\u00f6nlichen Daten nur insoweit gesammelt, als es f\u00fcr eine Antwort erforderlich ist. Die E-Mail wird unverschl\u00fcsselt \u00fcbermittelt.<\/p>\n\n\n\n<p>Die von Ihnen zur Ver\u00adf\u00fc\u00adgung ge\u00adstell\u00adten per\u00adso\u00adnen\u00adbe\u00adzo\u00adge\u00adnen Daten ver\u00adwen\u00adden wir aus\u00adschlie\u00ad\u00df\u00adlich zum Zweck der tech\u00adni\u00adschen Ad\u00admi\u00adnis\u00adtra\u00adti\u00adon der Web\u00adsei\u00adten und zur Er\u00adf\u00fcl\u00adlung Ihrer W\u00fcn\u00adsche und An\u00adfor\u00adde\u00adrun\u00adgen, also in der Regel zur Ab\u00adwick\u00adlung des mit Ihnen ge\u00adschlos\u00adse\u00adnen Ver\u00adtra\u00adges oder zur Be\u00adant\u00adwor\u00adtung Ihrer An\u00adfra\u00adge.<\/p>\n\n\n\n<p>Nur soweit Sie uns zuvor Ihre Ein\u00adwil\u00adli\u00adgung er\u00adteilt haben bzw. wenn Sie &#8211; so\u00adweit ge\u00adsetz\u00adli\u00adche Re\u00adge\u00adlun\u00adgen dies vor\u00adse\u00adhen &#8211; kei\u00adnen Wi\u00adder\u00adspruch ein\u00adge\u00adlegt haben, nut\u00adzen wir diese Daten auch f\u00fcr pro\u00addukt\u00adbe\u00adzo\u00adge\u00adne Um\u00adfra\u00adgen, Mar\u00adke\u00adting\u00adzwe\u00adcke und statistische Zwecke.<\/p>\n\n\n\n<p>Eine Wei\u00adter\u00adga\u00adbe, Ver\u00adkauf oder sons\u00adti\u00adge \u00dcber\u00admitt\u00adlung Ihrer per\u00adso\u00adnen\u00adbe\u00adzo\u00adge\u00adnen Daten an Drit\u00adte er\u00adfolgt nicht, es sei denn, dass dies zum Zwe\u00adcke der Ver\u00adtrags\u00adab\u00adwick\u00adlung er\u00adfor\u00adder\u00adlich ist oder Sie aus\u00addr\u00fcck\u00adlich ein\u00adge\u00adwil\u00adligt haben.<\/p>\n\n\n\n<p>Eine erteilte Einwilligung kann mit Wirkung f\u00fcr die Zukunft jederzeit widerrufen werden.<br><\/p>\n\n\n\n<h2 class=\"wp-block-heading\">Wie lange bleiben Ihren Daten gespeichert?<\/h2>\n\n\n\n<p>Grunds\u00e4tzlich speichern wir alle Informationen, die Sie uns \u00fcbermitteln, bis der jeweilige, z.B. vertragliche Zweck erf\u00fcllt ist. Z.B. bei Anfragen bis zur Erledigung, bei Newslettern bis Sie den Newsletter wieder abbestellen. Ist eine l\u00e4ngere Speicherung gesetzlich vorgesehen, erfolgt die Speicherung in diesem Rahmen.<\/p>\n\n\n\n<p>Sollten Sie nicht mehr w\u00fcnschen, dass wir Ihre Daten nutzen, so kommen wir dieser Bitte nat\u00fcrlich umgehend nach (Bitte wenden Sie sich dazu an die unter \u201eKontakt\u201c angegebene Adresse).<a href=\"https:\/\/www.medizinische-fakultaet-hd.uni-heidelberg.de\/datenschutzerklaerung#\"><\/a><\/p>\n\n\n\n<h2 class=\"wp-block-heading\">Wann werden Ihre Daten gel\u00f6scht?<\/h2>\n\n\n\n<p>Die L\u00f6schung der gespeicherten personenbezogenen Daten erfolgt, wenn Sie ihre Einwilligung zur Speicherung widerrufen, wenn die Kenntnis der Daten zur Erf\u00fcllung des mit der Speicherung verfolgten Zwecks nicht mehr erforderlich ist oder wenn die Speicherung aus sonstigen gesetzlichen Gr\u00fcnden unzul\u00e4ssig ist. Daten f\u00fcr Abrechnungszwecke und buchhalterische Zwecke werden von einem L\u00f6schungsverlangen nicht ber\u00fchrt.<br><\/p>\n\n\n\n<h2 class=\"wp-block-heading\">Einsatz von Cookies<\/h2>\n\n\n\n<p>Im Rahmen Ihres Besuchs auf unseren Seiten verwenden wir sogenannte Cookies. Das sind kleine Textdateien, die auf Ihrem Computer abgelegt werden.&nbsp; Coo\u00adkies hel\u00adfen uns dabei, die Nut\u00adzungs\u00adh\u00e4u\u00adfig\u00adkeit und die An\u00adzahl der Nut\u00adzer un\u00adse\u00adrer In\u00adter\u00adnet\u00adsei\u00adten zu er\u00admit\u00adteln, sowie un\u00adse\u00adre An\u00adge\u00adbo\u00adte f\u00fcr Sie m\u00f6g\u00adlichst kom\u00adfor\u00adta\u00adbel und ef\u00adfi\u00adzi\u00adent zu ge\u00adstal\u00adten.<\/p>\n\n\n\n<p>Wir ver\u00adwen\u00adden ei\u00adner\u00adseits so\u00adge\u00adnann\u00adte &#8220;Ses\u00adsi\u00adon-Coo\u00adkies&#8221;, die aus\u00adschlie\u00ad\u00df\u00adlich f\u00fcr die Dauer Ihrer Nut\u00adzung einer un\u00adse\u00adrer In\u00adter\u00adnet\u00adsei\u00adten zwi\u00adschen\u00adge\u00adspei\u00adchert wer\u00adden. Zum an\u00adde\u00adren be\u00adnut\u00adzen wir &#8220;per\u00adma\u00adnen\u00adte Coo\u00adkies&#8221;, um In\u00adfor\u00adma\u00adtio\u00adnen \u00fcber Be\u00adsu\u00adcher fest\u00adzu\u00adhal\u00adten, die wie\u00adder\u00adholt auf eine un\u00adse\u00adrer In\u00adter\u00adsei\u00adten zu\u00adgrei\u00adfen. Der Zweck des Ein\u00adsat\u00adzes die\u00adser Coo\u00adkies be\u00adsteht darin, Ihnen eine op\u00adti\u00adma\u00adle Be\u00adnut\u00adzer\u00adf\u00fch\u00adrung an\u00adbie\u00adten zu k\u00f6n\u00adnen sowie Sie &#8220;wie\u00adder\u00adzu\u00ader\u00adken\u00adnen&#8221; und Ihnen bei wie\u00adder\u00adhol\u00adter Nut\u00adzung eine m\u00f6g\u00adlichst ab\u00adwechs\u00adlungs\u00adrei\u00adche In\u00adter\u00adnet\u00adsei\u00adte und neue In\u00adhal\u00adte pr\u00e4\u00adsen\u00adtie\u00adren zu k\u00f6n\u00adnen. Der In\u00adhalt eines per\u00adma\u00adnen\u00adten Coo\u00adkies be\u00adschr\u00e4nkt sich auf eine Iden\u00adti\u00adfi\u00adka\u00adti\u00adons\u00adnum\u00admer. Name, IP-Adres\u00adse etc. wer\u00adden nicht ge\u00adspei\u00adchert. Eine Ein\u00adzel\u00adpro\u00adfil\u00adbil\u00addung \u00fcber Ihr Nut\u00adzungs\u00adver\u00adhal\u00adten fin\u00addet nicht statt.<\/p>\n\n\n\n<p>Eine Nut\u00adzung un\u00adse\u00adrer An\u00adge\u00adbo\u00adte ist auch ohne Coo\u00adkies m\u00f6g\u00adlich. Sie k\u00f6n\u00adnen in Ihrem Brow\u00adser das Spei\u00adchern von Coo\u00adkies de\u00adak\u00adti\u00advie\u00adren, auf be\u00adstimm\u00adte Web\u00adsites be\u00adschr\u00e4n\u00adken oder Ihren Brow\u00adser so ein\u00adstel\u00adlen, dass er sie be\u00adnach\u00adrich\u00adtigt, so\u00adbald ein Coo\u00adkie ge\u00adsen\u00addet wird. Bitte be\u00adach\u00adten Sie aber, dass Sie bei einer Deaktivierung mit einer ein\u00adge\u00adschr\u00e4nk\u00adten Dar\u00adstel\u00adlung der Seite und mit einer ein\u00adge\u00adschr\u00e4nk\u00adten Be\u00adnut\u00adzer\u00adf\u00fch\u00adrung rech\u00adnen m\u00fcs\u00adsen.<\/p>\n\n\n\n<p>Cookies, die zur Durchf\u00fchrung des elektronischen Kommunikationsvorgangs oder zur Bereitstellung bestimmter, von Ihnen erw\u00fcnschter Funktionen (z.B. Warenkorbfunktion) erforderlich sind, werden auf Grundlage von Art. 6 Abs. 1 lit. f DSGVO gespeichert. Der Websitebetreiber hat ein berechtigtes Interesse an der Speicherung von Cookies zur technisch fehlerfreien und optimierten Bereitstellung seiner Dienste. Soweit andere Cookies (z.B. Cookies zur Analyse Ihres Surfverhaltens) gespeichert werden, werden diese in dieser Datenschutzerkl\u00e4rung gesondert behandelt.<\/p>\n\n\n\n<p><a href=\"https:\/\/www.medizinische-fakultaet-hd.uni-heidelberg.de\/datenschutzerklaerung#\"><\/a><\/p>\n\n\n\n<h2 class=\"wp-block-heading\">Was tun wir f\u00fcr die Sicherheit der Verarbeitung<\/h2>\n\n\n\n<p>Unser Unternehmen trifft alle not\u00adwen\u00addi\u00adgen tech\u00adni\u00adschen und or\u00adga\u00adni\u00adsa\u00adto\u00adri\u00adschen Si\u00adcher\u00adheits\u00adma\u00df\u00adnah\u00admen, um Ihre per\u00adso\u00adnen\u00adbe\u00adzo\u00adge\u00adnen Daten vor Ver\u00adlust und Miss\u00adbrauch zu sch\u00fct\u00adzen. So wer\u00adden Ihre Daten in einer si\u00adche\u00adren Be\u00adtriebs\u00adum\u00adge\u00adbung ge\u00adspei\u00adchert, die der \u00d6f\u00adfent\u00adlich\u00adkeit nicht zu\u00adg\u00e4ng\u00adlich ist. In be\u00adstimm\u00adten F\u00e4l\u00adlen wer\u00adden Ihre per\u00adso\u00adnen\u00adbe\u00adzo\u00adge\u00adnen Daten bei der \u00dcber\u00admitt\u00adlung durch die sog. Se\u00adcu\u00adre So\u00adcket Lay\u00ader-Tech\u00adno\u00adlo\u00adgie (SSL) ver\u00adschl\u00fcs\u00adselt. Das be\u00addeu\u00adtet, dass die Kom\u00admu\u00adni\u00adka\u00adti\u00adon zwi\u00adschen Ihrem Com\u00adpu\u00adter und den Ser\u00advern unseres\u00a0\u00a0 Unternehmens unter Ein\u00adsatz eines an\u00ader\u00adkann\u00adten Ver\u00adschl\u00fcs\u00adse\u00adlungs\u00adver\u00adfah\u00adrens er\u00adfolgt, wenn Ihr Brow\u00adser SSL un\u00adter\u00adst\u00fctzt.<br><br><\/p>\n\n\n\n<h2 class=\"wp-block-heading\">Das sind die Rechtsgrundlagen<\/h2>\n\n\n\n<p>\u201eSoweit wir f\u00fcr Verarbeitungsvorg\u00e4nge personenbezogener Daten eine Einwilligung der betroffenen Person einholen, dient Art. 6 Abs. 1a EU-Datenschutz-Grundverordnung (DS-GVO) als Rechtsgrundlage.<\/p>\n\n\n\n<p>Bei der Verarbeitung von personenbezogenen Daten, die zur Erf\u00fcllung eines Vertrages, dessen Vertragspartei die betroffene Person ist, erforderlich ist, dient Art. 6 Abs. 1b DS-GVO als Rechtsgrundlage. Dies gilt auch f\u00fcr Verarbeitungsvorg\u00e4nge, die zur Durchf\u00fchrung vorvertraglicher Ma\u00dfnahmen erforderlich sind.<\/p>\n\n\n\n<p>Soweit eine Verarbeitung personenbezogener Daten zur Erf\u00fcllung einer rechtlichen Verpflichtung erforderlich ist, der unser Unternehmen unterliegt, dient Art. 6 Abs. 1c DS-GVO als Rechtsgrundlage.<\/p>\n\n\n\n<p>F\u00fcr den Fall, dass lebenswichtige Interessen der betroffenen Person oder einer anderen nat\u00fcrlichen Person eine Verarbeitung personenbezogener Daten erforderlich machen, dient Art. 6 Abs. 1d DS-GVO als Rechtsgrundlage.<\/p>\n\n\n\n<p>Ist die Verarbeitung zur Wahrung eines berechtigten Interesses unseres Unternehmens oder eines Dritten erforderlich und \u00fcberwiegen die Interessen, Grundrechte und Grundfreiheiten des Betroffenen das erstgenannte Interesse nicht, dient Art. 6 Abs. 1f DS-GVO als Rechtsgrundlage f\u00fcr die Verarbeitung. Berechtigte Interessen sind insbesondere die Sicherstellung des Betriebs und der Sicherheit der Website, die Untersuchung der Art und Weise der Nutzung der Website durch Besucher und die Vereinfachung der Nutzung der Website.\u201c<br><br><a href=\"https:\/\/www.medizinische-fakultaet-hd.uni-heidelberg.de\/datenschutzerklaerung#\"><\/a><\/p>\n\n\n\n<h2 class=\"wp-block-heading\">Das sind Ihre Datenschutzrechte<\/h2>\n\n\n\n<p>Sie haben im Rahmen der geltenden gesetzlichen Bestimmungen jederzeit das Recht auf unentgeltliche Auskunft \u00fcber Ihre gespeicherten personenbezogenen Daten, deren Herkunft und m\u00f6gliche Empf\u00e4nger und den Zweck der Datenverarbeitung (Art. 15 DSGVO) und ggf. ein Recht auf Berichtigung unrichtiger Daten Art. 16 DSGVO), L\u00f6schung dieser Daten (Art. 17 DSGVO) das Recht auf Einschr\u00e4nkung der Verarbeitung nach Art. 18 DSGVO, auf Widerspruch&nbsp; (Art. 21 DSGVO) sowie das Recht auf Daten\u00fcbertragbarkeit von Ihnen bereitgestellter Daten nach Art. 20 DSGVO). Beim Auskunftsrecht und beim L\u00f6schungsrecht gelten die Einschr\u00e4nkungen nach \u00a7\u00a7 34 und 35 BDSG.<\/p>\n\n\n\n<p>Dar\u00fcber hinaus steht Ihnen im Falle datenschutzrechtlicher Verst\u00f6\u00dfe ein Beschwerderecht bei der zust\u00e4ndigen Aufsichtsbeh\u00f6rde zu (Art. 77 DSGVO i.V.m. \u00a719 BDSG). Zust\u00e4ndige Aufsichtsbeh\u00f6rde in datenschutzrechtlichen Fragen ist der Landesdatenschutzbeauftragte des Bundeslandes, in dem unser Unternehmen seinen Sitz hat. Eine Liste der Datenschutzbeauftragten sowie deren Kontaktdaten k\u00f6nnen folgendem Link entnommen werden:\u00a0<a href=\"https:\/\/www.bfdi.bund.de\/DE\/Infothek\/Anschriften_Links\/anschriften_links-node.html\" target=\"_blank\" rel=\"noreferrer noopener\">https:\/\/www.bfdi.bund.de\/DE\/Infothek\/Anschriften_Links\/anschriften_links-node.html<\/a>.<br><\/p>\n\n\n\n<h2 class=\"wp-block-heading\">\u00c4nderungen der Datenschutzerkl\u00e4rung<\/h2>\n\n\n\n<p>Es k\u00f6nnen \u00c4nderungen an diesen Datenschutzhinweisen vorgenommen werden, die auf dieser Seite rechtzeitig bekanntgegeben werden.<br><\/p>\n","protected":false},"excerpt":{"rendered":"<p>Gegenstand Sie haben sich f\u00fcr die Verwendung der HeiCheck-App der Medizinischen Fakult\u00e4t Heidelberg entschieden. F\u00fcr das uns entgegengebrachte Vertrauen bedanken wir uns. Die Medizinische Fakult\u00e4t Heidelberg stellt die HeiCheck-App zur Organisation und Pr\u00fcfungsdurchf\u00fchrung diversen praktischen Kursen zur medizinischen Ausbildung zur Verf\u00fcgung. Berechtigte Nutzerinnen und Nutzer erhalten nach Login weitere M\u00f6glichkeiten zur Kommunikation und Interaktion. Eine [&hellip;]<\/p>\n","protected":false},"author":1,"featured_media":0,"parent":0,"menu_order":0,"comment_status":"closed","ping_status":"open","template":"","meta":{"footnotes":""},"class_list":["post-3","page","type-page","status-publish","hentry"],"_links":{"self":[{"href":"https:\/\/info.heicheck.de\/index.php?rest_route=\/wp\/v2\/pages\/3","targetHints":{"allow":["GET"]}}],"collection":[{"href":"https:\/\/info.heicheck.de\/index.php?rest_route=\/wp\/v2\/pages"}],"about":[{"href":"https:\/\/info.heicheck.de\/index.php?rest_route=\/wp\/v2\/types\/page"}],"author":[{"embeddable":true,"href":"https:\/\/info.heicheck.de\/index.php?rest_route=\/wp\/v2\/users\/1"}],"replies":[{"embeddable":true,"href":"https:\/\/info.heicheck.de\/index.php?rest_route=%2Fwp%2Fv2%2Fcomments&post=3"}],"version-history":[{"count":2,"href":"https:\/\/info.heicheck.de\/index.php?rest_route=\/wp\/v2\/pages\/3\/revisions"}],"predecessor-version":[{"id":112,"href":"https:\/\/info.heicheck.de\/index.php?rest_route=\/wp\/v2\/pages\/3\/revisions\/112"}],"wp:attachment":[{"href":"https:\/\/info.heicheck.de\/index.php?rest_route=%2Fwp%2Fv2%2Fmedia&parent=3"}],"curies":[{"name":"wp","href":"https:\/\/api.w.org\/{rel}","templated":true}]}}