{"id":2,"date":"2025-08-18T09:00:45","date_gmt":"2025-08-18T09:00:45","guid":{"rendered":"http:\/\/mobil.wettach-it.de:8081\/?page_id=2"},"modified":"2025-08-18T16:10:38","modified_gmt":"2025-08-18T14:10:38","slug":"home","status":"publish","type":"page","link":"https:\/\/info.heicheck.de\/","title":{"rendered":"HeiCheck &#8211; praktisch anders."},"content":{"rendered":"\n<div class=\"wp-block-media-text is-stacked-on-mobile\" style=\"grid-template-columns:59% auto\"><figure class=\"wp-block-media-text__media\"><img loading=\"lazy\" decoding=\"async\" width=\"1024\" height=\"1024\" src=\"http:\/\/mobil.wettach-it.de:8081\/wp-content\/uploads\/2025\/08\/Logo_Heicheck-1-1024x1024.png\" alt=\"\" class=\"wp-image-17 size-full\" srcset=\"https:\/\/info.heicheck.de\/wp-content\/uploads\/2025\/08\/Logo_Heicheck-1-1024x1024.png 1024w, https:\/\/info.heicheck.de\/wp-content\/uploads\/2025\/08\/Logo_Heicheck-1-300x300.png 300w, https:\/\/info.heicheck.de\/wp-content\/uploads\/2025\/08\/Logo_Heicheck-1-150x150.png 150w, https:\/\/info.heicheck.de\/wp-content\/uploads\/2025\/08\/Logo_Heicheck-1-768x768.png 768w, https:\/\/info.heicheck.de\/wp-content\/uploads\/2025\/08\/Logo_Heicheck-1.png 1181w\" sizes=\"auto, (max-width: 1024px) 100vw, 1024px\" \/><\/figure><div class=\"wp-block-media-text__content\">\n<p>Entwickelt f\u00fcr die Zahnmedizin, n\u00fctzlich und kostenfrei f\u00fcr alle. <\/p>\n\n\n\n<p>HeiCheck ist ein digitaler Assistent f\u00fcr praktische Lehr- und Pr\u00fcfungsformate.<\/p>\n<\/div><\/div>\n\n\n\n<p class=\"is-style-default\">Die Plattform HeiCheck unterst\u00fctzt Lehrkr\u00e4fte, Kursleitung sowie Studierende in der Organisation, Durchf\u00fchrung und Bewertung von praktischen Lehrformaten.<\/p>\n\n\n\n<div style=\"height:100px\" aria-hidden=\"true\" class=\"wp-block-spacer\"><\/div>\n\n\n\n<div class=\"wp-block-media-text is-stacked-on-mobile\"><figure class=\"wp-block-media-text__media\"><img loading=\"lazy\" decoding=\"async\" width=\"737\" height=\"1024\" src=\"http:\/\/mobil.wettach-it.de:8081\/wp-content\/uploads\/2025\/08\/iPad_Studi_Dashboard-737x1024.png\" alt=\"\" class=\"wp-image-22 size-full\" srcset=\"https:\/\/info.heicheck.de\/wp-content\/uploads\/2025\/08\/iPad_Studi_Dashboard-737x1024.png 737w, https:\/\/info.heicheck.de\/wp-content\/uploads\/2025\/08\/iPad_Studi_Dashboard-216x300.png 216w, https:\/\/info.heicheck.de\/wp-content\/uploads\/2025\/08\/iPad_Studi_Dashboard-768x1067.png 768w, https:\/\/info.heicheck.de\/wp-content\/uploads\/2025\/08\/iPad_Studi_Dashboard-1105x1536.png 1105w, https:\/\/info.heicheck.de\/wp-content\/uploads\/2025\/08\/iPad_Studi_Dashboard-1474x2048.png 1474w, https:\/\/info.heicheck.de\/wp-content\/uploads\/2025\/08\/iPad_Studi_Dashboard-scaled.png 1842w\" sizes=\"auto, (max-width: 737px) 100vw, 737px\" \/><\/figure><div class=\"wp-block-media-text__content\">\n<p class=\"has-x-large-font-size\"><strong>iOS-App<\/strong><\/p>\n\n\n\n<p>HeiCheck ist f\u00fcr iPadOS und MacOS im Apple AppStore verf\u00fcgbar.<\/p>\n<\/div><\/div>\n\n\n\n<div style=\"height:100px\" aria-hidden=\"true\" class=\"wp-block-spacer\"><\/div>\n\n\n\n<div class=\"wp-block-media-text has-media-on-the-right is-stacked-on-mobile is-vertically-aligned-center\"><div class=\"wp-block-media-text__content\">\n<p class=\"has-text-align-left has-x-large-font-size\"><strong>WebApp<\/strong><\/p>\n\n\n\n<p>Als Alternative bietet HeiCheck auch eine Webplattform, welche Ger\u00e4te- und Technologie\u00fcbergreifend Zugriff auf das System liefert.<\/p>\n<\/div><figure class=\"wp-block-media-text__media\"><img loading=\"lazy\" decoding=\"async\" width=\"816\" height=\"712\" src=\"http:\/\/mobil.wettach-it.de:8081\/wp-content\/uploads\/2025\/08\/webpage_placeholder.png\" alt=\"\" class=\"wp-image-99 size-full\" srcset=\"https:\/\/info.heicheck.de\/wp-content\/uploads\/2025\/08\/webpage_placeholder.png 816w, https:\/\/info.heicheck.de\/wp-content\/uploads\/2025\/08\/webpage_placeholder-300x262.png 300w, https:\/\/info.heicheck.de\/wp-content\/uploads\/2025\/08\/webpage_placeholder-768x670.png 768w\" sizes=\"auto, (max-width: 816px) 100vw, 816px\" \/><\/figure><\/div>\n\n\n\n<p class=\"has-x-large-font-size\"><\/p>\n\n\n\n<p><\/p>\n","protected":false},"excerpt":{"rendered":"<p>Entwickelt f\u00fcr die Zahnmedizin, n\u00fctzlich und kostenfrei f\u00fcr alle. HeiCheck ist ein digitaler Assistent f\u00fcr praktische Lehr- und Pr\u00fcfungsformate. Die Plattform HeiCheck unterst\u00fctzt Lehrkr\u00e4fte, Kursleitung sowie Studierende in der Organisation, Durchf\u00fchrung und Bewertung von praktischen Lehrformaten. iOS-App HeiCheck ist f\u00fcr iPadOS und MacOS im Apple AppStore verf\u00fcgbar. WebApp Als Alternative bietet HeiCheck auch eine Webplattform, [&hellip;]<\/p>\n","protected":false},"author":1,"featured_media":0,"parent":0,"menu_order":0,"comment_status":"closed","ping_status":"closed","template":"","meta":{"footnotes":""},"class_list":["post-2","page","type-page","status-publish","hentry"],"_links":{"self":[{"href":"https:\/\/info.heicheck.de\/index.php?rest_route=\/wp\/v2\/pages\/2","targetHints":{"allow":["GET"]}}],"collection":[{"href":"https:\/\/info.heicheck.de\/index.php?rest_route=\/wp\/v2\/pages"}],"about":[{"href":"https:\/\/info.heicheck.de\/index.php?rest_route=\/wp\/v2\/types\/page"}],"author":[{"embeddable":true,"href":"https:\/\/info.heicheck.de\/index.php?rest_route=\/wp\/v2\/users\/1"}],"replies":[{"embeddable":true,"href":"https:\/\/info.heicheck.de\/index.php?rest_route=%2Fwp%2Fv2%2Fcomments&post=2"}],"version-history":[{"count":13,"href":"https:\/\/info.heicheck.de\/index.php?rest_route=\/wp\/v2\/pages\/2\/revisions"}],"predecessor-version":[{"id":100,"href":"https:\/\/info.heicheck.de\/index.php?rest_route=\/wp\/v2\/pages\/2\/revisions\/100"}],"wp:attachment":[{"href":"https:\/\/info.heicheck.de\/index.php?rest_route=%2Fwp%2Fv2%2Fmedia&parent=2"}],"curies":[{"name":"wp","href":"https:\/\/api.w.org\/{rel}","templated":true}]}}